{"id":326,"date":"2020-05-05T18:50:01","date_gmt":"2020-05-05T16:50:01","guid":{"rendered":"https:\/\/naturheilpraxishoeltje.live-website.com\/?page_id=326"},"modified":"2021-05-31T13:50:29","modified_gmt":"2021-05-31T11:50:29","slug":"impressum","status":"publish","type":"page","link":"https:\/\/naturheilpraxis-hoeltje.de\/?page_id=326","title":{"rendered":"Impressum"},"content":{"rendered":"\t\t<div data-elementor-type=\"wp-page\" data-elementor-id=\"326\" class=\"elementor elementor-326\">\n\t\t\t\t\t\t<section class=\"elementor-section elementor-top-section elementor-element elementor-element-c0aa9b0 elementor-section-full_width elementor-section-height-min-height elementor-section-height-default elementor-section-items-middle\" data-id=\"c0aa9b0\" data-element_type=\"section\" data-e-type=\"section\" data-settings=\"{&quot;background_background&quot;:&quot;classic&quot;}\">\n\t\t\t\t\t\t<div class=\"elementor-container elementor-column-gap-default\">\n\t\t\t\t\t<div class=\"elementor-column elementor-col-100 elementor-top-column elementor-element elementor-element-fa629b3\" data-id=\"fa629b3\" data-element_type=\"column\" data-e-type=\"column\">\n\t\t\t<div class=\"elementor-widget-wrap\">\n\t\t\t\t\t\t\t<\/div>\n\t\t<\/div>\n\t\t\t\t\t<\/div>\n\t\t<\/section>\n\t\t\t\t<section class=\"elementor-section elementor-top-section elementor-element elementor-element-92eceef elementor-section-stretched elementor-section-boxed elementor-section-height-default elementor-section-height-default\" data-id=\"92eceef\" data-element_type=\"section\" data-e-type=\"section\" data-settings=\"{&quot;stretch_section&quot;:&quot;section-stretched&quot;}\">\n\t\t\t\t\t\t<div class=\"elementor-container elementor-column-gap-default\">\n\t\t\t\t\t<div class=\"elementor-column elementor-col-100 elementor-top-column elementor-element elementor-element-9f9ebfd\" data-id=\"9f9ebfd\" data-element_type=\"column\" data-e-type=\"column\">\n\t\t\t<div class=\"elementor-widget-wrap elementor-element-populated\">\n\t\t\t\t\t\t<section class=\"elementor-section elementor-inner-section elementor-element elementor-element-46bb874 elementor-section-content-middle elementor-section-boxed elementor-section-height-default elementor-section-height-default\" data-id=\"46bb874\" data-element_type=\"section\" data-e-type=\"section\">\n\t\t\t\t\t\t\t<div class=\"elementor-background-overlay\"><\/div>\n\t\t\t\t\t\t\t<div class=\"elementor-container elementor-column-gap-default\">\n\t\t\t\t\t<div class=\"elementor-column elementor-col-33 elementor-inner-column elementor-element elementor-element-b7a39cd\" data-id=\"b7a39cd\" data-element_type=\"column\" data-e-type=\"column\">\n\t\t\t<div class=\"elementor-widget-wrap elementor-element-populated\">\n\t\t\t\t\t\t<div class=\"elementor-element elementor-element-1b11ac4 elementor-widget elementor-widget-heading\" data-id=\"1b11ac4\" data-element_type=\"widget\" data-e-type=\"widget\" data-widget_type=\"heading.default\">\n\t\t\t\t<div class=\"elementor-widget-container\">\n\t\t\t\t\t<h2 class=\"elementor-heading-title elementor-size-default\">IMPRESSUM<\/h2>\t\t\t\t<\/div>\n\t\t\t\t<\/div>\n\t\t\t\t<div class=\"elementor-element elementor-element-6935832 elementor-widget-divider--view-line elementor-widget elementor-widget-divider\" data-id=\"6935832\" data-element_type=\"widget\" data-e-type=\"widget\" data-widget_type=\"divider.default\">\n\t\t\t\t<div class=\"elementor-widget-container\">\n\t\t\t\t\t\t\t<div class=\"elementor-divider\">\n\t\t\t<span class=\"elementor-divider-separator\">\n\t\t\t\t\t\t<\/span>\n\t\t<\/div>\n\t\t\t\t\t\t<\/div>\n\t\t\t\t<\/div>\n\t\t\t\t<div class=\"elementor-element elementor-element-0f8f56a elementor-widget elementor-widget-text-editor\" data-id=\"0f8f56a\" data-element_type=\"widget\" data-e-type=\"widget\" data-widget_type=\"text-editor.default\">\n\t\t\t\t<div class=\"elementor-widget-container\">\n\t\t\t\t\t\t\t\t\t<p>Susanne H\u00f6ltje<br \/>Heilpraktikerin Eggering 50 33184 Altenbeken<br \/>Kontakt: 05255-933583<br \/>E-mail: naturheilpraxis-hoeltje@gmx.de<br \/>Steuernummer: 339\/5113\/2339<\/p><p>Gesetzliche Berufsbezeichnung: Heilpraktikerin (verliehen in der Bundesrepubik Deutschland)<br \/>Zust\u00e4ndige Aufsichtsbeh\u00f6rde: Paderborn<br \/>Tag der amts\u00e4rztlichen \u00dcberpr\u00fcfung: 18.04.2018<\/p><p>Beh\u00f6rdliche Erlaubnis durch Gesundheitsamt in Korbach<br \/>Berufsordnung: Nachzulesen im Internet unter https:\/\/www.bdh-online.de\/wp-content\/uploads\/2015\/08\/Berufsordnung-Heilpraktiker_2015_210x297_20150814.pdf<\/p><p>Rechtsgrundlage der Heilpraktikert\u00e4tigkeit, Heilpraktikergesetz und Durchf\u00fchrungsverordnung: Nachzulesen im Internet unter https:\/\/www.gesetze-im-internet.de\/heilprg\/index.html https:\/\/www.gesetze-im-internet.de\/heilprgdv_1\/index.html<\/p>\t\t\t\t\t\t\t\t<\/div>\n\t\t\t\t<\/div>\n\t\t\t\t\t<\/div>\n\t\t<\/div>\n\t\t\t\t<div class=\"elementor-column elementor-col-33 elementor-inner-column elementor-element elementor-element-0485624\" data-id=\"0485624\" data-element_type=\"column\" data-e-type=\"column\" data-settings=\"{&quot;background_background&quot;:&quot;classic&quot;}\">\n\t\t\t<div class=\"elementor-widget-wrap\">\n\t\t\t\t\t\t\t<\/div>\n\t\t<\/div>\n\t\t\t\t<div class=\"elementor-column elementor-col-33 elementor-inner-column elementor-element elementor-element-a35f8cc\" data-id=\"a35f8cc\" data-element_type=\"column\" data-e-type=\"column\" data-settings=\"{&quot;background_background&quot;:&quot;classic&quot;}\">\n\t\t\t<div class=\"elementor-widget-wrap elementor-element-populated\">\n\t\t\t\t\t\t<div class=\"elementor-element elementor-element-e152f7b elementor-widget elementor-widget-image\" data-id=\"e152f7b\" data-element_type=\"widget\" data-e-type=\"widget\" data-widget_type=\"image.default\">\n\t\t\t\t<div class=\"elementor-widget-container\">\n\t\t\t\t\t\t\t\t\t\t\t\t\t\t\t<img fetchpriority=\"high\" decoding=\"async\" width=\"1024\" height=\"515\" src=\"https:\/\/naturheilpraxis-hoeltje.de\/wp-content\/uploads\/2020\/06\/LOGO-1024x515.png\" class=\"attachment-large size-large wp-image-477\" alt=\"Logo\" srcset=\"https:\/\/naturheilpraxis-hoeltje.de\/wp-content\/uploads\/2020\/06\/LOGO-1024x515.png 1024w, https:\/\/naturheilpraxis-hoeltje.de\/wp-content\/uploads\/2020\/06\/LOGO-300x151.png 300w, https:\/\/naturheilpraxis-hoeltje.de\/wp-content\/uploads\/2020\/06\/LOGO-768x386.png 768w, https:\/\/naturheilpraxis-hoeltje.de\/wp-content\/uploads\/2020\/06\/LOGO-1536x773.png 1536w, https:\/\/naturheilpraxis-hoeltje.de\/wp-content\/uploads\/2020\/06\/LOGO-2048x1031.png 2048w\" sizes=\"(max-width: 1024px) 100vw, 1024px\" \/>\t\t\t\t\t\t\t\t\t\t\t\t\t\t\t<\/div>\n\t\t\t\t<\/div>\n\t\t\t\t\t<\/div>\n\t\t<\/div>\n\t\t\t\t\t<\/div>\n\t\t<\/section>\n\t\t\t\t\t<\/div>\n\t\t<\/div>\n\t\t\t\t\t<\/div>\n\t\t<\/section>\n\t\t\t\t<\/div>\n\t\t","protected":false},"excerpt":{"rendered":"<p>IMPRESSUM Susanne H\u00f6ltjeHeilpraktikerin Eggering 50 33184 AltenbekenKontakt: 05255-933583E-mail: naturheilpraxis-hoeltje@gmx.deSteuernummer: 339\/5113\/2339 Gesetzliche Berufsbezeichnung: Heilpraktikerin (verliehen in der Bundesrepubik Deutschland)Zust\u00e4ndige Aufsichtsbeh\u00f6rde: PaderbornTag der amts\u00e4rztlichen \u00dcberpr\u00fcfung: 18.04.2018 Beh\u00f6rdliche Erlaubnis durch Gesundheitsamt in KorbachBerufsordnung: Nachzulesen im Internet unter https:\/\/www.bdh-online.de\/wp-content\/uploads\/2015\/08\/Berufsordnung-Heilpraktiker_2015_210x297_20150814.pdf Rechtsgrundlage der Heilpraktikert\u00e4tigkeit, Heilpraktikergesetz und Durchf\u00fchrungsverordnung: Nachzulesen im Internet unter https:\/\/www.gesetze-im-internet.de\/heilprg\/index.html https:\/\/www.gesetze-im-internet.de\/heilprgdv_1\/index.html<\/p>\n","protected":false},"author":1,"featured_media":0,"parent":0,"menu_order":0,"comment_status":"closed","ping_status":"closed","template":"","meta":{"site-sidebar-layout":"no-sidebar","site-content-layout":"page-builder","ast-site-content-layout":"default","site-content-style":"default","site-sidebar-style":"default","ast-global-header-display":"","ast-banner-title-visibility":"","ast-main-header-display":"","ast-hfb-above-header-display":"","ast-hfb-below-header-display":"","ast-hfb-mobile-header-display":"","site-post-title":"disabled","ast-breadcrumbs-content":"","ast-featured-img":"disabled","footer-sml-layout":"","ast-disable-related-posts":"","theme-transparent-header-meta":"default","adv-header-id-meta":"","stick-header-meta":"","header-above-stick-meta":"","header-main-stick-meta":"","header-below-stick-meta":"","astra-migrate-meta-layouts":"default","ast-page-background-enabled":"default","ast-page-background-meta":{"desktop":{"background-color":"","background-image":"","background-repeat":"repeat","background-position":"center center","background-size":"auto","background-attachment":"scroll","background-type":"","background-media":"","overlay-type":"","overlay-color":"","overlay-opacity":"","overlay-gradient":""},"tablet":{"background-color":"","background-image":"","background-repeat":"repeat","background-position":"center center","background-size":"auto","background-attachment":"scroll","background-type":"","background-media":"","overlay-type":"","overlay-color":"","overlay-opacity":"","overlay-gradient":""},"mobile":{"background-color":"","background-image":"","background-repeat":"repeat","background-position":"center center","background-size":"auto","background-attachment":"scroll","background-type":"","background-media":"","overlay-type":"","overlay-color":"","overlay-opacity":"","overlay-gradient":""}},"ast-content-background-meta":{"desktop":{"background-color":"var(--ast-global-color-5)","background-image":"","background-repeat":"repeat","background-position":"center center","background-size":"auto","background-attachment":"scroll","background-type":"","background-media":"","overlay-type":"","overlay-color":"","overlay-opacity":"","overlay-gradient":""},"tablet":{"background-color":"var(--ast-global-color-5)","background-image":"","background-repeat":"repeat","background-position":"center center","background-size":"auto","background-attachment":"scroll","background-type":"","background-media":"","overlay-type":"","overlay-color":"","overlay-opacity":"","overlay-gradient":""},"mobile":{"background-color":"var(--ast-global-color-5)","background-image":"","background-repeat":"repeat","background-position":"center center","background-size":"auto","background-attachment":"scroll","background-type":"","background-media":"","overlay-type":"","overlay-color":"","overlay-opacity":"","overlay-gradient":""}},"footnotes":""},"class_list":["post-326","page","type-page","status-publish","hentry"],"yoast_head":"<!-- This site is optimized with the Yoast SEO plugin v27.4 - https:\/\/yoast.com\/product\/yoast-seo-wordpress\/ -->\n<title>Impressum - Naturheilpraxis Hoeltje<\/title>\n<meta name=\"robots\" content=\"noindex, follow, max-snippet:-1, max-image-preview:large, max-video-preview:-1\" \/>\n<meta property=\"og:locale\" content=\"de_DE\" \/>\n<meta property=\"og:type\" content=\"article\" \/>\n<meta property=\"og:title\" content=\"Impressum - Naturheilpraxis Hoeltje\" \/>\n<meta property=\"og:description\" content=\"IMPRESSUM Susanne H\u00f6ltjeHeilpraktikerin Eggering 50 33184 AltenbekenKontakt: 05255-933583E-mail: naturheilpraxis-hoeltje@gmx.deSteuernummer: 339\/5113\/2339 Gesetzliche Berufsbezeichnung: Heilpraktikerin (verliehen in der Bundesrepubik Deutschland)Zust\u00e4ndige Aufsichtsbeh\u00f6rde: PaderbornTag der amts\u00e4rztlichen \u00dcberpr\u00fcfung: 18.04.2018 Beh\u00f6rdliche Erlaubnis durch Gesundheitsamt in KorbachBerufsordnung: Nachzulesen im Internet unter https:\/\/www.bdh-online.de\/wp-content\/uploads\/2015\/08\/Berufsordnung-Heilpraktiker_2015_210x297_20150814.pdf Rechtsgrundlage der Heilpraktikert\u00e4tigkeit, Heilpraktikergesetz und Durchf\u00fchrungsverordnung: Nachzulesen im Internet unter https:\/\/www.gesetze-im-internet.de\/heilprg\/index.html https:\/\/www.gesetze-im-internet.de\/heilprgdv_1\/index.html\" \/>\n<meta property=\"og:url\" content=\"https:\/\/naturheilpraxis-hoeltje.de\/?page_id=326\" \/>\n<meta property=\"og:site_name\" content=\"Naturheilpraxis Hoeltje\" \/>\n<meta property=\"article:modified_time\" content=\"2021-05-31T11:50:29+00:00\" \/>\n<meta property=\"og:image\" content=\"https:\/\/naturheilpraxis-hoeltje.de\/wp-content\/uploads\/2020\/06\/LOGO-1024x515.png\" \/>\n<meta name=\"twitter:card\" content=\"summary_large_image\" \/>\n<meta name=\"twitter:label1\" content=\"Gesch\u00e4tzte Lesezeit\" \/>\n\t<meta name=\"twitter:data1\" content=\"1\u00a0Minute\" \/>\n<script type=\"application\/ld+json\" class=\"yoast-schema-graph\">{\"@context\":\"https:\\\/\\\/schema.org\",\"@graph\":[{\"@type\":\"WebPage\",\"@id\":\"https:\\\/\\\/naturheilpraxis-hoeltje.de\\\/?page_id=326\",\"url\":\"https:\\\/\\\/naturheilpraxis-hoeltje.de\\\/?page_id=326\",\"name\":\"Impressum - Naturheilpraxis Hoeltje\",\"isPartOf\":{\"@id\":\"https:\\\/\\\/naturheilpraxis-hoeltje.de\\\/#website\"},\"primaryImageOfPage\":{\"@id\":\"https:\\\/\\\/naturheilpraxis-hoeltje.de\\\/?page_id=326#primaryimage\"},\"image\":{\"@id\":\"https:\\\/\\\/naturheilpraxis-hoeltje.de\\\/?page_id=326#primaryimage\"},\"thumbnailUrl\":\"https:\\\/\\\/naturheilpraxis-hoeltje.de\\\/wp-content\\\/uploads\\\/2020\\\/06\\\/LOGO-1024x515.png\",\"datePublished\":\"2020-05-05T16:50:01+00:00\",\"dateModified\":\"2021-05-31T11:50:29+00:00\",\"breadcrumb\":{\"@id\":\"https:\\\/\\\/naturheilpraxis-hoeltje.de\\\/?page_id=326#breadcrumb\"},\"inLanguage\":\"de\",\"potentialAction\":[{\"@type\":\"ReadAction\",\"target\":[\"https:\\\/\\\/naturheilpraxis-hoeltje.de\\\/?page_id=326\"]}]},{\"@type\":\"ImageObject\",\"inLanguage\":\"de\",\"@id\":\"https:\\\/\\\/naturheilpraxis-hoeltje.de\\\/?page_id=326#primaryimage\",\"url\":\"https:\\\/\\\/naturheilpraxis-hoeltje.de\\\/wp-content\\\/uploads\\\/2020\\\/06\\\/LOGO.png\",\"contentUrl\":\"https:\\\/\\\/naturheilpraxis-hoeltje.de\\\/wp-content\\\/uploads\\\/2020\\\/06\\\/LOGO.png\",\"width\":2182,\"height\":1098,\"caption\":\"Logo Naturheilpraxis Hoeltje\"},{\"@type\":\"BreadcrumbList\",\"@id\":\"https:\\\/\\\/naturheilpraxis-hoeltje.de\\\/?page_id=326#breadcrumb\",\"itemListElement\":[{\"@type\":\"ListItem\",\"position\":1,\"name\":\"Startseite\",\"item\":\"https:\\\/\\\/naturheilpraxis-hoeltje.de\\\/\"},{\"@type\":\"ListItem\",\"position\":2,\"name\":\"Impressum\"}]},{\"@type\":\"WebSite\",\"@id\":\"https:\\\/\\\/naturheilpraxis-hoeltje.de\\\/#website\",\"url\":\"https:\\\/\\\/naturheilpraxis-hoeltje.de\\\/\",\"name\":\"Naturheilpraxis Hoeltje\",\"description\":\"Gesundheit ist nicht alles, doch ohne Gesundheit ist alles nichts.\",\"publisher\":{\"@id\":\"https:\\\/\\\/naturheilpraxis-hoeltje.de\\\/#organization\"},\"potentialAction\":[{\"@type\":\"SearchAction\",\"target\":{\"@type\":\"EntryPoint\",\"urlTemplate\":\"https:\\\/\\\/naturheilpraxis-hoeltje.de\\\/?s={search_term_string}\"},\"query-input\":{\"@type\":\"PropertyValueSpecification\",\"valueRequired\":true,\"valueName\":\"search_term_string\"}}],\"inLanguage\":\"de\"},{\"@type\":\"Organization\",\"@id\":\"https:\\\/\\\/naturheilpraxis-hoeltje.de\\\/#organization\",\"name\":\"Naturheilpaxis Hoeltje\",\"url\":\"https:\\\/\\\/naturheilpraxis-hoeltje.de\\\/\",\"logo\":{\"@type\":\"ImageObject\",\"inLanguage\":\"de\",\"@id\":\"https:\\\/\\\/naturheilpraxis-hoeltje.de\\\/#\\\/schema\\\/logo\\\/image\\\/\",\"url\":\"https:\\\/\\\/naturheilpraxis-hoeltje.de\\\/wp-content\\\/uploads\\\/2020\\\/06\\\/cropped-LOGO.png\",\"contentUrl\":\"https:\\\/\\\/naturheilpraxis-hoeltje.de\\\/wp-content\\\/uploads\\\/2020\\\/06\\\/cropped-LOGO.png\",\"width\":2182,\"height\":1098,\"caption\":\"Naturheilpaxis Hoeltje\"},\"image\":{\"@id\":\"https:\\\/\\\/naturheilpraxis-hoeltje.de\\\/#\\\/schema\\\/logo\\\/image\\\/\"}}]}<\/script>\n<!-- \/ Yoast SEO plugin. -->","yoast_head_json":{"title":"Impressum - Naturheilpraxis Hoeltje","robots":{"index":"noindex","follow":"follow","max-snippet":"max-snippet:-1","max-image-preview":"max-image-preview:large","max-video-preview":"max-video-preview:-1"},"og_locale":"de_DE","og_type":"article","og_title":"Impressum - Naturheilpraxis Hoeltje","og_description":"IMPRESSUM Susanne H\u00f6ltjeHeilpraktikerin Eggering 50 33184 AltenbekenKontakt: 05255-933583E-mail: naturheilpraxis-hoeltje@gmx.deSteuernummer: 339\/5113\/2339 Gesetzliche Berufsbezeichnung: Heilpraktikerin (verliehen in der Bundesrepubik Deutschland)Zust\u00e4ndige Aufsichtsbeh\u00f6rde: PaderbornTag der amts\u00e4rztlichen \u00dcberpr\u00fcfung: 18.04.2018 Beh\u00f6rdliche Erlaubnis durch Gesundheitsamt in KorbachBerufsordnung: Nachzulesen im Internet unter https:\/\/www.bdh-online.de\/wp-content\/uploads\/2015\/08\/Berufsordnung-Heilpraktiker_2015_210x297_20150814.pdf Rechtsgrundlage der Heilpraktikert\u00e4tigkeit, Heilpraktikergesetz und Durchf\u00fchrungsverordnung: Nachzulesen im Internet unter https:\/\/www.gesetze-im-internet.de\/heilprg\/index.html https:\/\/www.gesetze-im-internet.de\/heilprgdv_1\/index.html","og_url":"https:\/\/naturheilpraxis-hoeltje.de\/?page_id=326","og_site_name":"Naturheilpraxis Hoeltje","article_modified_time":"2021-05-31T11:50:29+00:00","og_image":[{"url":"https:\/\/naturheilpraxis-hoeltje.de\/wp-content\/uploads\/2020\/06\/LOGO-1024x515.png","type":"","width":"","height":""}],"twitter_card":"summary_large_image","twitter_misc":{"Gesch\u00e4tzte Lesezeit":"1\u00a0Minute"},"schema":{"@context":"https:\/\/schema.org","@graph":[{"@type":"WebPage","@id":"https:\/\/naturheilpraxis-hoeltje.de\/?page_id=326","url":"https:\/\/naturheilpraxis-hoeltje.de\/?page_id=326","name":"Impressum - Naturheilpraxis Hoeltje","isPartOf":{"@id":"https:\/\/naturheilpraxis-hoeltje.de\/#website"},"primaryImageOfPage":{"@id":"https:\/\/naturheilpraxis-hoeltje.de\/?page_id=326#primaryimage"},"image":{"@id":"https:\/\/naturheilpraxis-hoeltje.de\/?page_id=326#primaryimage"},"thumbnailUrl":"https:\/\/naturheilpraxis-hoeltje.de\/wp-content\/uploads\/2020\/06\/LOGO-1024x515.png","datePublished":"2020-05-05T16:50:01+00:00","dateModified":"2021-05-31T11:50:29+00:00","breadcrumb":{"@id":"https:\/\/naturheilpraxis-hoeltje.de\/?page_id=326#breadcrumb"},"inLanguage":"de","potentialAction":[{"@type":"ReadAction","target":["https:\/\/naturheilpraxis-hoeltje.de\/?page_id=326"]}]},{"@type":"ImageObject","inLanguage":"de","@id":"https:\/\/naturheilpraxis-hoeltje.de\/?page_id=326#primaryimage","url":"https:\/\/naturheilpraxis-hoeltje.de\/wp-content\/uploads\/2020\/06\/LOGO.png","contentUrl":"https:\/\/naturheilpraxis-hoeltje.de\/wp-content\/uploads\/2020\/06\/LOGO.png","width":2182,"height":1098,"caption":"Logo Naturheilpraxis Hoeltje"},{"@type":"BreadcrumbList","@id":"https:\/\/naturheilpraxis-hoeltje.de\/?page_id=326#breadcrumb","itemListElement":[{"@type":"ListItem","position":1,"name":"Startseite","item":"https:\/\/naturheilpraxis-hoeltje.de\/"},{"@type":"ListItem","position":2,"name":"Impressum"}]},{"@type":"WebSite","@id":"https:\/\/naturheilpraxis-hoeltje.de\/#website","url":"https:\/\/naturheilpraxis-hoeltje.de\/","name":"Naturheilpraxis Hoeltje","description":"Gesundheit ist nicht alles, doch ohne Gesundheit ist alles nichts.","publisher":{"@id":"https:\/\/naturheilpraxis-hoeltje.de\/#organization"},"potentialAction":[{"@type":"SearchAction","target":{"@type":"EntryPoint","urlTemplate":"https:\/\/naturheilpraxis-hoeltje.de\/?s={search_term_string}"},"query-input":{"@type":"PropertyValueSpecification","valueRequired":true,"valueName":"search_term_string"}}],"inLanguage":"de"},{"@type":"Organization","@id":"https:\/\/naturheilpraxis-hoeltje.de\/#organization","name":"Naturheilpaxis Hoeltje","url":"https:\/\/naturheilpraxis-hoeltje.de\/","logo":{"@type":"ImageObject","inLanguage":"de","@id":"https:\/\/naturheilpraxis-hoeltje.de\/#\/schema\/logo\/image\/","url":"https:\/\/naturheilpraxis-hoeltje.de\/wp-content\/uploads\/2020\/06\/cropped-LOGO.png","contentUrl":"https:\/\/naturheilpraxis-hoeltje.de\/wp-content\/uploads\/2020\/06\/cropped-LOGO.png","width":2182,"height":1098,"caption":"Naturheilpaxis Hoeltje"},"image":{"@id":"https:\/\/naturheilpraxis-hoeltje.de\/#\/schema\/logo\/image\/"}}]}},"_links":{"self":[{"href":"https:\/\/naturheilpraxis-hoeltje.de\/index.php?rest_route=\/wp\/v2\/pages\/326","targetHints":{"allow":["GET"]}}],"collection":[{"href":"https:\/\/naturheilpraxis-hoeltje.de\/index.php?rest_route=\/wp\/v2\/pages"}],"about":[{"href":"https:\/\/naturheilpraxis-hoeltje.de\/index.php?rest_route=\/wp\/v2\/types\/page"}],"author":[{"embeddable":true,"href":"https:\/\/naturheilpraxis-hoeltje.de\/index.php?rest_route=\/wp\/v2\/users\/1"}],"replies":[{"embeddable":true,"href":"https:\/\/naturheilpraxis-hoeltje.de\/index.php?rest_route=%2Fwp%2Fv2%2Fcomments&post=326"}],"version-history":[{"count":20,"href":"https:\/\/naturheilpraxis-hoeltje.de\/index.php?rest_route=\/wp\/v2\/pages\/326\/revisions"}],"predecessor-version":[{"id":559,"href":"https:\/\/naturheilpraxis-hoeltje.de\/index.php?rest_route=\/wp\/v2\/pages\/326\/revisions\/559"}],"wp:attachment":[{"href":"https:\/\/naturheilpraxis-hoeltje.de\/index.php?rest_route=%2Fwp%2Fv2%2Fmedia&parent=326"}],"curies":[{"name":"wp","href":"https:\/\/api.w.org\/{rel}","templated":true}]}}